{"id":3,"date":"2022-07-01T16:20:39","date_gmt":"2022-07-01T16:20:39","guid":{"rendered":"https:\/\/portpallet.com\/ww\/?page_id=3"},"modified":"2022-09-06T10:22:39","modified_gmt":"2022-09-06T10:22:39","slug":"politica-privacidade","status":"publish","type":"page","link":"https:\/\/portpallet.com\/ww\/politica-privacidade\/","title":{"rendered":"Pol\u00edtica de privacidade"},"content":{"rendered":"\t\t<div data-elementor-type=\"wp-page\" data-elementor-id=\"3\" class=\"elementor elementor-3\">\n\t\t\t\t\t\t<section class=\"elementor-section elementor-top-section elementor-element elementor-element-7237915c elementor-section-boxed elementor-section-height-default elementor-section-height-default\" data-id=\"7237915c\" data-element_type=\"section\" data-e-type=\"section\">\n\t\t\t\t\t\t<div class=\"elementor-container elementor-column-gap-default\">\n\t\t\t\t\t<div class=\"elementor-column elementor-col-100 elementor-top-column elementor-element elementor-element-e32689b\" data-id=\"e32689b\" data-element_type=\"column\" data-e-type=\"column\">\n\t\t\t<div class=\"elementor-widget-wrap elementor-element-populated\">\n\t\t\t\t\t\t<div class=\"elementor-element elementor-element-ec6a3c8 elementor-widget elementor-widget-heading\" data-id=\"ec6a3c8\" data-element_type=\"widget\" data-e-type=\"widget\" data-widget_type=\"heading.default\">\n\t\t\t\t<div class=\"elementor-widget-container\">\n\t\t\t\t\t<h2 class=\"elementor-heading-title elementor-size-default\">Pol\u00edtica de Privacidade<\/h2>\t\t\t\t<\/div>\n\t\t\t\t<\/div>\n\t\t\t\t<div class=\"elementor-element elementor-element-a59e334 elementor-widget elementor-widget-text-editor\" data-id=\"a59e334\" data-element_type=\"widget\" data-e-type=\"widget\" data-widget_type=\"text-editor.default\">\n\t\t\t\t<div class=\"elementor-widget-container\">\n\t\t\t\t\t\t\t\t\t<h4 style=\"text-align: center;\">Termos e Condi\u00e7\u00f5es<\/h4>\t\t\t\t\t\t\t\t<\/div>\n\t\t\t\t<\/div>\n\t\t\t\t<div class=\"elementor-element elementor-element-fe357d1 elementor-widget elementor-widget-text-editor\" data-id=\"fe357d1\" data-element_type=\"widget\" data-e-type=\"widget\" data-widget_type=\"text-editor.default\">\n\t\t\t\t<div class=\"elementor-widget-container\">\n\t\t\t\t\t\t\t\t\t<p><\/p>\n<h3 class=\"wp-block-heading\"><b>1. \u00c2mbito geral<\/b><\/h3>\n<p>\n\n<\/p>\n<p style=\"text-align: justify;\">A PORTPALLET \u00e9 uma marca da propiedade da PORTIMPACT situada na Rua Zona Industrial,1080 Apart 121 &#8211; Paredes 4584-908 PRD &#8211; Portugal.<\/p>\n<p style=\"text-align: justify;\">A PORTIMPACT \u00e9 respons\u00e1vel por este website. A presente pol\u00edtica de privacidade abrange este website, assim como outros sites que mencionem a dita pol\u00edtica. A privacidade do Utilizador \u00e9 importante para a PORTIMPACT. A PORTIMPACT compromete-se a respeitar a privacidade do Utilizador e a processar os seus dados pessoais de uma forma cuidadosa e confidencial, de acordo com as leis aplic\u00e1veis. Os dados n\u00e3o ser\u00e3o processados para quaisquer outros fins que n\u00e3o os aqui especificados. A PORTIMPACT reserva-se o direito de atualizar ou modificar a sua Pol\u00edtica de Privacidade a qualquer momento, nomeadamente, de forma a adapt\u00e1-la a altera\u00e7\u00f5es legislativas. O Utilizador \u00e9 assim aconselhado a visitar esta p\u00e1gina regularmente.<\/p>\n<p>&nbsp;<\/p>\n<p>\n\n<\/p>\n<h3 class=\"wp-block-heading\"><b>2. Consentimento<\/b><\/h3>\n<p>\n\n<\/p>\n<p style=\"text-align: justify;\">Ao utilizar este website, est\u00e1 a dar o seu consentimento para a recolha e utiliza\u00e7\u00e3o das informa\u00e7\u00f5es. A PORTIMPACT pode a qualquer momento modificar, adicionar ou eliminar qualquer uma das pol\u00edticas de privacidade do seu website (http:\/\/www.portimpact.com) atrav\u00e9s da atualiza\u00e7\u00e3o do conte\u00fado desta p\u00e1gina.<\/p>\n<p>&nbsp;<\/p>\n<p>\n\n\n\n<\/p>\n<h3 class=\"wp-block-heading\"><b>3. Que tipo de dados s\u00e3o recolhidos pela PORTIMPACT?<\/b><\/h3>\n<p>\n\n<\/p>\n<p style=\"text-align: justify;\">A PORTIMPACT recolhe dados sobre as empresas que s\u00e3o suas clientes, e respetivos colaboradores, nomeadamente nome, email, cargo, e telefone.<\/p>\n<p>&nbsp;<\/p>\n<p>\n\n<\/p>\n<h3 class=\"wp-block-heading\"><b>4. Para que fins recolhe a PORTIMPACT dados pessoais do Utilizador?<\/b><\/h3>\n<p>\n\n<\/p>\n<p style=\"text-align: justify;\"><span style=\"color: #6e6e6f; letter-spacing: 1px;\">Os dados recolhidos no website destinam-se ao processamento das encomendas e comunica\u00e7\u00e3o com os Clientes, processamento de pedidos de informa\u00e7\u00e3o, an\u00e1lise estat\u00edstica, bem como a respetiva utiliza\u00e7\u00e3o para efeitos de marketing direto.<\/span><\/p>\n<p><span style=\"color: #6e6e6f; letter-spacing: 1px;\">\u00a0<\/span><\/p>\n<p>\n\n<\/p>\n<h3 class=\"wp-block-heading\"><b>5. A PORTIMPACT utiliza os dados pessoais para Marketing Direto?<\/b><\/h3>\n<p>\n\n<\/p>\n<p style=\"text-align: justify;\">A PORTIMPACT poder\u00e1 utilizar os seus dados pessoais para lhe enviar qualquer correio n\u00e3o solicitado relacionado com produtos ou ofertas comerciais que possam ser do seu interesse. A PORTIMPACT n\u00e3o vende nem negocia os seus dados. O cliente autoriza expressamente a PORTIMPACT a enviar informa\u00e7\u00e3o sobre produtos e servi\u00e7os que possam ser do seu interesse utilizando os seus dados pessoais para efeitos de marketing direto atrav\u00e9s de qualquer canal de comunica\u00e7\u00e3o, nomeadamente mediante a utiliza\u00e7\u00e3o de correio eletr\u00f3nico, telefone, SMS, MMS ou outras formas de chamada autom\u00e1tica. A PORTIMPACT n\u00e3o comercializar\u00e1 nem partilhar\u00e1 a sua base de dados de clientes com terceiros.<\/p>\n<p>&nbsp;<\/p>\n<p>\n\n<\/p>\n<h3 class=\"wp-block-heading\"><b>6. Quem tem acesso aos dados pessoais do Utilizador?<\/b><\/h3>\n<p>\n\n<\/p>\n<p style=\"text-align: justify;\">A PORTIMPACT, com o seu consentimento, exceto (1) quando se tratam de empresas do Grupo PORTIMPACT, ou (2) quando tal seja necess\u00e1rio para que os colaboradores, funcion\u00e1rios, fornecedores ou parceiros comerciais da PORTIMPACT possam fornecer um produto ou servi\u00e7o ou executar uma fun\u00e7\u00e3o em nome da PORTIMPACT, ou (3) quando tal for exigido ou permitido por lei. A PORTIMPACT adotar\u00e1 as precau\u00e7\u00f5es razo\u00e1veis para garantir que os seus funcion\u00e1rios ou colaboradores com acesso a dados pessoais recebam forma\u00e7\u00e3o adequada ao seu correto processamento, com respeito pela presente pol\u00edtica e pelas obriga\u00e7\u00f5es legais de prote\u00e7\u00e3o de dados. Sempre que a PORTIMPACT divulgar os dados pessoais do Utilizador salvaguardar\u00e1 o cumprimento da Lei da Prote\u00e7\u00e3o de Dados Pessoais, nomeadamente atrav\u00e9s da previs\u00e3o de disposi\u00e7\u00f5es contratuais que garantam que o terceiro utiliza os dados recebidos somente para as finalidades especificadas, e em conformidade com os fins descritos nesta pol\u00edtica, e que faz uso de meios de seguran\u00e7a adequados, de forma a proteger os dados pessoais do Utilizador contra tratamentos ilegais ou n\u00e3o autorizados bem como contra a sua perda acidental, destrui\u00e7\u00e3o ou outras a\u00e7\u00f5es danosas.<\/p>\n<p>&nbsp;<\/p>\n<p>\n\n<\/p>\n<h3 class=\"wp-block-heading\"><b>7. Onde s\u00e3o guardados os dados do Utilizador?<\/b><\/h3>\n<p>\n\n<\/p>\n<p style=\"text-align: justify;\">A PORTIMPACT guarda os dados dos seus clientes e Utilizadores nos seus servidores localizados em Portugal. Estes servidores s\u00e3o protegidos e mantidos de acordo com standards elevados de seguran\u00e7a e por forma a respeitar as leis de privacidade aplic\u00e1veis.<\/p>\n<p>&nbsp;<\/p>\n<p>\n\n<\/p>\n<h3 class=\"wp-block-heading\"><b>8. Os dados do Utilizador est\u00e3o seguros com a PORTIMPACT?<\/b><\/h3>\n<p>\n\n<\/p>\n<p style=\"text-align: justify;\">A PORTIMPACT tomou as medidas t\u00e9cnicas e organizacionais necess\u00e1rias para proteger, de forma adequada, os seus dados relativamente a processamento e acesso n\u00e3o autorizado. A PORTIMPACT desenvolve todos os esfor\u00e7os razo\u00e1veis adequados para evitar a utiliza\u00e7\u00e3o n\u00e3o autorizada ou ilegal dos dados pessoais do Utilizador, bem como a sua perda, destrui\u00e7\u00e3o, ou danifica\u00e7\u00e3o. A PORTIMPACT protege a seguran\u00e7a dos dados pessoais do Utilizador atrav\u00e9s dos seguintes meios: uso de encripta\u00e7\u00e3o com certificado SSL em todas as comunica\u00e7\u00f5es do website.<\/p>\n<p>&nbsp;<\/p>\n<p>\n\n<\/p>\n<h3 class=\"wp-block-heading\"><b>9. E quando h\u00e1 links no website?<\/b><\/h3>\n<p>\n\n<\/p>\n<p style=\"text-align: justify;\">O website da PORTIMPACT pode conter links para outros websites e endere\u00e7os de e-mail de empresas n\u00e3o pertencentes \u00e0 PORTIMPACT. A presente pol\u00edtica de Privacidade n\u00e3o se aplica a esses websites e endere\u00e7os de e-mail. Se utilizar um link dispon\u00edvel neste website em determinadas \u00e1reas. Os cookies s\u00e3o ficheiros que armazenam informa\u00e7\u00f5es no disco r\u00edgido ou browser do Utilizador, permitindo que os websites o reconhe\u00e7am e saibam que j\u00e1 os visitou anteriormente. O Utilizador pode configurar o seu browser para recusar os cookies, por\u00e9m nesse caso, o website ou partes do mesmo podem n\u00e3o funcionar corretamente. Os cookies s\u00e3o utilizados para monitorizar e analisar a utiliza\u00e7\u00e3o do website, permitindo \u00e0 PORTIMPACT identificar e servir melhor o Utilizador. A PORTIMPACT n\u00e3o partilha cookies com terceiros, incluindo fornecedores externos de dados ou websites.<\/p>\n<p>&nbsp;<\/p>\n<h3><b>10. Quais os direitos do Utilizador no que respeita aos dados?<\/b><\/h3>\n<p>\n\n<\/p>\n<p style=\"text-align: justify;\">De acordo com Lei da Prote\u00e7\u00e3o de Dados Pessoais, o Utilizador tem direito a obter informa\u00e7\u00f5es sobre os seus dados pessoais. Tem o direito de saber que dados pessoais foram processados pela PORTIMPACT, podendo tamb\u00e9m requerer \u00e0 PORTIMPACT para corrigir, complementar, bloquear ou eliminar os dados total ou parcialmente no caso de se revelarem incompletos, incorretos ou irrelevantes para efeitos de processamento. Caso deseje, a qualquer momento, deixar de fazer parte da base de dados PORTIMPACT poder\u00e1 exercer esse direito, contactando-nos atrav\u00e9s dos seguintes meios: \u2022 Email: PORTIMPACT@PORTIMPACT.pt<\/p>\n<p><\/p>\t\t\t\t\t\t\t\t<\/div>\n\t\t\t\t<\/div>\n\t\t\t\t\t<\/div>\n\t\t<\/div>\n\t\t\t\t\t<\/div>\n\t\t<\/section>\n\t\t\t\t<\/div>\n\t\t","protected":false},"excerpt":{"rendered":"<p>Pol\u00edtica de Privacidade Termos e Condi\u00e7\u00f5es 1. \u00c2mbito geral A PORTPALLET \u00e9 uma marca da propiedade da PORTIMPACT situada na Rua Zona Industrial,1080 Apart 121 &#8211; Paredes 4584-908 PRD &#8211; Portugal. A PORTIMPACT \u00e9 respons\u00e1vel por este website. A presente &hellip; <a href=\"https:\/\/portpallet.com\/ww\/politica-privacidade\/\">Readmore<\/a><\/p>\n","protected":false},"author":1,"featured_media":0,"parent":0,"menu_order":0,"comment_status":"closed","ping_status":"closed","template":"","meta":{"rs_blank_template":"","rs_page_bg_color":"","slide_template_v7":"","footnotes":""},"class_list":["post-3","page","type-page","status-publish","hentry"],"_links":{"self":[{"href":"https:\/\/portpallet.com\/ww\/wp-json\/wp\/v2\/pages\/3","targetHints":{"allow":["GET"]}}],"collection":[{"href":"https:\/\/portpallet.com\/ww\/wp-json\/wp\/v2\/pages"}],"about":[{"href":"https:\/\/portpallet.com\/ww\/wp-json\/wp\/v2\/types\/page"}],"author":[{"embeddable":true,"href":"https:\/\/portpallet.com\/ww\/wp-json\/wp\/v2\/users\/1"}],"replies":[{"embeddable":true,"href":"https:\/\/portpallet.com\/ww\/wp-json\/wp\/v2\/comments?post=3"}],"version-history":[{"count":19,"href":"https:\/\/portpallet.com\/ww\/wp-json\/wp\/v2\/pages\/3\/revisions"}],"predecessor-version":[{"id":7395,"href":"https:\/\/portpallet.com\/ww\/wp-json\/wp\/v2\/pages\/3\/revisions\/7395"}],"wp:attachment":[{"href":"https:\/\/portpallet.com\/ww\/wp-json\/wp\/v2\/media?parent=3"}],"curies":[{"name":"wp","href":"https:\/\/api.w.org\/{rel}","templated":true}]}}