{"id":4529,"date":"2020-02-25T16:35:26","date_gmt":"2020-02-25T16:35:26","guid":{"rendered":"https:\/\/demo.wpthemego.com\/themes\/sw_autusin\/?page_id=4529"},"modified":"2022-08-12T15:52:41","modified_gmt":"2022-08-12T15:52:41","slug":"apresentacao-portimpact","status":"publish","type":"page","link":"https:\/\/portpallet.com\/ww\/apresentacao-portimpact\/","title":{"rendered":"Apresenta\u00e7\u00e3o"},"content":{"rendered":"\t\t<div data-elementor-type=\"wp-page\" data-elementor-id=\"4529\" class=\"elementor elementor-4529\">\n\t\t\t\t\t\t<section class=\"elementor-section elementor-top-section elementor-element elementor-element-4f2dbf9 elementor-section-boxed elementor-section-height-default elementor-section-height-default\" data-id=\"4f2dbf9\" data-element_type=\"section\" data-e-type=\"section\">\n\t\t\t\t\t\t<div class=\"elementor-container elementor-column-gap-default\">\n\t\t\t\t\t<div class=\"elementor-column elementor-col-100 elementor-top-column elementor-element elementor-element-7bbce52\" data-id=\"7bbce52\" data-element_type=\"column\" data-e-type=\"column\">\n\t\t\t<div class=\"elementor-widget-wrap elementor-element-populated\">\n\t\t\t\t\t\t<div class=\"elementor-element elementor-element-5404eb1 elementor-widget elementor-widget-image\" data-id=\"5404eb1\" data-element_type=\"widget\" data-e-type=\"widget\" data-widget_type=\"image.default\">\n\t\t\t\t<div class=\"elementor-widget-container\">\n\t\t\t\t\t\t\t\t\t\t\t\t\t\t\t<img fetchpriority=\"high\" decoding=\"async\" width=\"1920\" height=\"700\" src=\"https:\/\/portpallet.com\/ww\/wp-content\/uploads\/2022\/08\/banner_portimac_fachada.jpg\" class=\"attachment-full size-full wp-image-7200\" alt=\"\" srcset=\"https:\/\/portpallet.com\/ww\/wp-content\/uploads\/2022\/08\/banner_portimac_fachada.jpg 1920w, https:\/\/portpallet.com\/ww\/wp-content\/uploads\/2022\/08\/banner_portimac_fachada-300x109.jpg 300w, https:\/\/portpallet.com\/ww\/wp-content\/uploads\/2022\/08\/banner_portimac_fachada-1024x373.jpg 1024w, https:\/\/portpallet.com\/ww\/wp-content\/uploads\/2022\/08\/banner_portimac_fachada-768x280.jpg 768w, https:\/\/portpallet.com\/ww\/wp-content\/uploads\/2022\/08\/banner_portimac_fachada-1536x560.jpg 1536w, https:\/\/portpallet.com\/ww\/wp-content\/uploads\/2022\/08\/banner_portimac_fachada-1320x481.jpg 1320w, https:\/\/portpallet.com\/ww\/wp-content\/uploads\/2022\/08\/banner_portimac_fachada-600x219.jpg 600w\" sizes=\"(max-width: 1920px) 100vw, 1920px\" \/>\t\t\t\t\t\t\t\t\t\t\t\t\t\t\t<\/div>\n\t\t\t\t<\/div>\n\t\t\t\t<div class=\"elementor-element elementor-element-74c432d elementor-widget elementor-widget-heading\" data-id=\"74c432d\" data-element_type=\"widget\" data-e-type=\"widget\" data-widget_type=\"heading.default\">\n\t\t\t\t<div class=\"elementor-widget-container\">\n\t\t\t\t\t<h2 class=\"elementor-heading-title elementor-size-default\">O Futuro No Acondicionamento E Transportes De Mercadorias<\/h2>\t\t\t\t<\/div>\n\t\t\t\t<\/div>\n\t\t\t\t<div class=\"elementor-element elementor-element-a9056c8 elementor-widget elementor-widget-text-editor\" data-id=\"a9056c8\" data-element_type=\"widget\" data-e-type=\"widget\" data-widget_type=\"text-editor.default\">\n\t\t\t\t<div class=\"elementor-widget-container\">\n\t\t\t\t\t\t\t\t\t<p>A Portimpact dedica-se ao fabrico de escadas, escadotes e estendais de alum\u00ednio. Presente nesta atividade h\u00e1 mais de 15 anos, det\u00e9m uma profunda experi\u00eancia e forte implanta\u00e7\u00e3o no mercado.<\/p><p>Em 2013, decidida a dar continuidade ao crescimento sustentado que a empresa vinha a apresentar, apostou no investimento em equipamentos e infraestruturas pr\u00f3prias, com uma \u00e1rea total de 11.000 m\u00b2, dos quais 2.400 m\u00b2 cobertos, localizada estrategicamente na Zona Industrial de Lordelo, \u00e0 sa\u00edda da autoestrada A42, a 15 minutos do Aeroporto S\u00e1 Carneiro e do Porto Mar\u00edtimo de Leix\u00f5es.<\/p><p>Em 2016, fruto de uma estrat\u00e9gia de inova\u00e7\u00e3o e diversifica\u00e7\u00e3o de produtos, abra\u00e7ou um novo e ambicioso projeto, a produ\u00e7\u00e3o de paletes met\u00e1licas, surgindo a PortPallet, e com ela um aumento da \u00e1rea fabril para 5.000 m\u00b2, bem como a aquisi\u00e7\u00e3o de equipamentos produtivos de \u00faltima gera\u00e7\u00e3o.<\/p><p>Os fatores inova\u00e7\u00e3o, flexibilidade, qualidade e diferencia\u00e7\u00e3o est\u00e3o patentes na g\u00e9nese da empresa, garantindo altos \u00edndices de produtividade, qualidade e competitividade.<\/p><p>Uma rede comercial abrangente e um servi\u00e7o de acompanhamento p\u00f3s venda de excel\u00eancia garantem a satisfa\u00e7\u00e3o dos clientes.<\/p><p>Para a Portimpact \u201cqualidade e seguran\u00e7a\u201d s\u00e3o fatores de suma import\u00e2ncia, pelo que os seus produtos s\u00e3o fabricados de acordo com as normas vigentes.<\/p>\t\t\t\t\t\t\t\t<\/div>\n\t\t\t\t<\/div>\n\t\t\t\t\t<\/div>\n\t\t<\/div>\n\t\t\t\t\t<\/div>\n\t\t<\/section>\n\t\t\t\t<section class=\"elementor-section elementor-top-section elementor-element elementor-element-554eae0 elementor-section-full_width elementor-section-height-default elementor-section-height-default\" data-id=\"554eae0\" data-element_type=\"section\" data-e-type=\"section\" data-settings=\"{&quot;background_background&quot;:&quot;classic&quot;}\">\n\t\t\t\t\t\t<div class=\"elementor-container elementor-column-gap-default\">\n\t\t\t\t\t<div class=\"elementor-column elementor-col-100 elementor-top-column elementor-element elementor-element-5404c01\" data-id=\"5404c01\" data-element_type=\"column\" data-e-type=\"column\">\n\t\t\t<div class=\"elementor-widget-wrap elementor-element-populated\">\n\t\t\t\t\t\t<section class=\"elementor-section elementor-inner-section elementor-element elementor-element-46a0dc8 elementor-section-boxed elementor-section-height-default elementor-section-height-default\" data-id=\"46a0dc8\" data-element_type=\"section\" data-e-type=\"section\">\n\t\t\t\t\t\t<div class=\"elementor-container elementor-column-gap-default\">\n\t\t\t\t\t<div class=\"elementor-column elementor-col-25 elementor-inner-column elementor-element elementor-element-f520d5c\" data-id=\"f520d5c\" data-element_type=\"column\" data-e-type=\"column\">\n\t\t\t<div class=\"elementor-widget-wrap elementor-element-populated\">\n\t\t\t\t\t\t<div class=\"elementor-element elementor-element-1828d75 elementor-position-top elementor-widget elementor-widget-image-box\" data-id=\"1828d75\" data-element_type=\"widget\" data-e-type=\"widget\" data-widget_type=\"image-box.default\">\n\t\t\t\t<div class=\"elementor-widget-container\">\n\t\t\t\t\t<div class=\"elementor-image-box-wrapper\"><figure class=\"elementor-image-box-img\"><a href=\"https:\/\/portpallet.com\/ww\/paletes-metalicas\/\" tabindex=\"-1\"><img decoding=\"async\" width=\"197\" height=\"88\" src=\"https:\/\/portpallet.com\/ww\/wp-content\/uploads\/2022\/07\/logo_portpallet.png\" class=\"elementor-animation-shrink attachment-full size-full wp-image-5896\" alt=\"\" \/><\/a><\/figure><div class=\"elementor-image-box-content\"><h3 class=\"elementor-image-box-title\"><a href=\"https:\/\/portpallet.com\/ww\/paletes-metalicas\/\">Paletes Met\u00e1licas<\/a><\/h3><p class=\"elementor-image-box-description\">Fabrico de paletes met\u00e1licas em a\u00e7o galvanizado ou alum\u00ednio.<\/p><\/div><\/div>\t\t\t\t<\/div>\n\t\t\t\t<\/div>\n\t\t\t\t\t<\/div>\n\t\t<\/div>\n\t\t\t\t<div class=\"elementor-column elementor-col-25 elementor-inner-column elementor-element elementor-element-2619ef9\" data-id=\"2619ef9\" data-element_type=\"column\" data-e-type=\"column\">\n\t\t\t<div class=\"elementor-widget-wrap elementor-element-populated\">\n\t\t\t\t\t\t<div class=\"elementor-element elementor-element-10c6b25 elementor-position-top elementor-widget elementor-widget-image-box\" data-id=\"10c6b25\" data-element_type=\"widget\" data-e-type=\"widget\" data-widget_type=\"image-box.default\">\n\t\t\t\t<div class=\"elementor-widget-container\">\n\t\t\t\t\t<div class=\"elementor-image-box-wrapper\"><figure class=\"elementor-image-box-img\"><a href=\"https:\/\/portpallet.com\/ww\/outros-produtos\" tabindex=\"-1\"><img decoding=\"async\" width=\"197\" height=\"88\" src=\"https:\/\/portpallet.com\/ww\/wp-content\/uploads\/2022\/07\/logo_portpallet.png\" class=\"elementor-animation-shrink attachment-full size-full wp-image-5896\" alt=\"\" \/><\/a><\/figure><div class=\"elementor-image-box-content\"><h3 class=\"elementor-image-box-title\"><a href=\"https:\/\/portpallet.com\/ww\/outros-produtos\">Outros Produtos<\/a><\/h3><p class=\"elementor-image-box-description\">PRODUTOS \u00c0 SUA MEDIDA. Carrinhos, boxes met\u00e1licas ou outros, sob consulta.\n<\/p><\/div><\/div>\t\t\t\t<\/div>\n\t\t\t\t<\/div>\n\t\t\t\t\t<\/div>\n\t\t<\/div>\n\t\t\t\t<div class=\"elementor-column elementor-col-25 elementor-inner-column elementor-element elementor-element-481376f\" data-id=\"481376f\" data-element_type=\"column\" data-e-type=\"column\">\n\t\t\t<div class=\"elementor-widget-wrap elementor-element-populated\">\n\t\t\t\t\t\t<div class=\"elementor-element elementor-element-a397d5f elementor-position-top elementor-widget elementor-widget-image-box\" data-id=\"a397d5f\" data-element_type=\"widget\" data-e-type=\"widget\" data-widget_type=\"image-box.default\">\n\t\t\t\t<div class=\"elementor-widget-container\">\n\t\t\t\t\t<div class=\"elementor-image-box-wrapper\"><figure class=\"elementor-image-box-img\"><a href=\"https:\/\/portpallet.com\/ww\/portservice\/\" tabindex=\"-1\"><img decoding=\"async\" width=\"197\" height=\"88\" src=\"https:\/\/portpallet.com\/ww\/wp-content\/uploads\/2022\/07\/logo_service-1.png\" class=\"elementor-animation-shrink attachment-full size-full wp-image-5897\" alt=\"\" \/><\/a><\/figure><div class=\"elementor-image-box-content\"><h3 class=\"elementor-image-box-title\"><a href=\"https:\/\/portpallet.com\/ww\/portservice\/\">Servi\u00e7os Serralharia<\/a><\/h3><p class=\"elementor-image-box-description\">Desenvolvemos todo o tipo de projetos na \u00e1rea da metalomec\u00e2nica.<\/p><\/div><\/div>\t\t\t\t<\/div>\n\t\t\t\t<\/div>\n\t\t\t\t\t<\/div>\n\t\t<\/div>\n\t\t\t\t<div class=\"elementor-column elementor-col-25 elementor-inner-column elementor-element elementor-element-4f94994\" data-id=\"4f94994\" data-element_type=\"column\" data-e-type=\"column\">\n\t\t\t<div class=\"elementor-widget-wrap elementor-element-populated\">\n\t\t\t\t\t\t<div class=\"elementor-element elementor-element-f6a5303 elementor-position-top elementor-widget elementor-widget-image-box\" data-id=\"f6a5303\" data-element_type=\"widget\" data-e-type=\"widget\" data-widget_type=\"image-box.default\">\n\t\t\t\t<div class=\"elementor-widget-container\">\n\t\t\t\t\t<div class=\"elementor-image-box-wrapper\"><figure class=\"elementor-image-box-img\"><a href=\"https:\/\/portpallet.com\/rent\/\" target=\"_blank\" tabindex=\"-1\"><img loading=\"lazy\" decoding=\"async\" width=\"197\" height=\"88\" src=\"https:\/\/portpallet.com\/ww\/wp-content\/uploads\/2022\/07\/logo_palletrent-1.png\" class=\"elementor-animation-shrink attachment-full size-full wp-image-5898\" alt=\"\" \/><\/a><\/figure><div class=\"elementor-image-box-content\"><h3 class=\"elementor-image-box-title\"><a href=\"https:\/\/portpallet.com\/rent\/\" target=\"_blank\">Aluguer de Paletes<\/a><\/h3><p class=\"elementor-image-box-description\">Aluguer de paletes met\u00e1licas em a\u00e7o galvanizado ou alum\u00ednio.<\/p><\/div><\/div>\t\t\t\t<\/div>\n\t\t\t\t<\/div>\n\t\t\t\t\t<\/div>\n\t\t<\/div>\n\t\t\t\t\t<\/div>\n\t\t<\/section>\n\t\t\t\t\t<\/div>\n\t\t<\/div>\n\t\t\t\t\t<\/div>\n\t\t<\/section>\n\t\t\t\t<\/div>\n\t\t","protected":false},"excerpt":{"rendered":"<p>O Futuro No Acondicionamento E Transportes De Mercadorias A Portimpact dedica-se ao fabrico de escadas, escadotes e estendais de alum\u00ednio. Presente nesta atividade h\u00e1 mais de 15 anos, det\u00e9m uma profunda experi\u00eancia e forte implanta\u00e7\u00e3o no mercado. Em 2013, decidida &hellip; <a href=\"https:\/\/portpallet.com\/ww\/apresentacao-portimpact\/\">Readmore<\/a><\/p>\n","protected":false},"author":1,"featured_media":0,"parent":0,"menu_order":0,"comment_status":"closed","ping_status":"closed","template":"","meta":{"rs_blank_template":"","rs_page_bg_color":"","slide_template_v7":"","footnotes":""},"class_list":["post-4529","page","type-page","status-publish","hentry"],"_links":{"self":[{"href":"https:\/\/portpallet.com\/ww\/wp-json\/wp\/v2\/pages\/4529","targetHints":{"allow":["GET"]}}],"collection":[{"href":"https:\/\/portpallet.com\/ww\/wp-json\/wp\/v2\/pages"}],"about":[{"href":"https:\/\/portpallet.com\/ww\/wp-json\/wp\/v2\/types\/page"}],"author":[{"embeddable":true,"href":"https:\/\/portpallet.com\/ww\/wp-json\/wp\/v2\/users\/1"}],"replies":[{"embeddable":true,"href":"https:\/\/portpallet.com\/ww\/wp-json\/wp\/v2\/comments?post=4529"}],"version-history":[{"count":23,"href":"https:\/\/portpallet.com\/ww\/wp-json\/wp\/v2\/pages\/4529\/revisions"}],"predecessor-version":[{"id":7344,"href":"https:\/\/portpallet.com\/ww\/wp-json\/wp\/v2\/pages\/4529\/revisions\/7344"}],"wp:attachment":[{"href":"https:\/\/portpallet.com\/ww\/wp-json\/wp\/v2\/media?parent=4529"}],"curies":[{"name":"wp","href":"https:\/\/api.w.org\/{rel}","templated":true}]}}