{"id":6543,"date":"2022-07-20T15:36:05","date_gmt":"2022-07-20T15:36:05","guid":{"rendered":"https:\/\/portpallet.com\/ww\/?page_id=6543"},"modified":"2022-07-22T10:57:03","modified_gmt":"2022-07-22T10:57:03","slug":"marcas","status":"publish","type":"page","link":"https:\/\/portpallet.com\/ww\/marcas\/","title":{"rendered":"Marcas"},"content":{"rendered":"\t\t<div data-elementor-type=\"wp-page\" data-elementor-id=\"6543\" class=\"elementor elementor-6543\">\n\t\t\t\t\t\t<section class=\"elementor-section elementor-top-section elementor-element elementor-element-acbe7e6 elementor-section-full_width elementor-section-height-default elementor-section-height-default\" data-id=\"acbe7e6\" data-element_type=\"section\" data-e-type=\"section\" data-settings=\"{&quot;background_background&quot;:&quot;classic&quot;}\">\n\t\t\t\t\t\t\t<div class=\"elementor-background-overlay\"><\/div>\n\t\t\t\t\t\t\t<div class=\"elementor-container elementor-column-gap-default\">\n\t\t\t\t\t<div class=\"elementor-column elementor-col-100 elementor-top-column elementor-element elementor-element-563d591\" data-id=\"563d591\" data-element_type=\"column\" data-e-type=\"column\">\n\t\t\t<div class=\"elementor-widget-wrap elementor-element-populated\">\n\t\t\t\t\t\t<div class=\"elementor-element elementor-element-5caa179 elementor-widget elementor-widget-heading\" data-id=\"5caa179\" data-element_type=\"widget\" data-e-type=\"widget\" data-widget_type=\"heading.default\">\n\t\t\t\t<div class=\"elementor-widget-container\">\n\t\t\t\t\t<h2 class=\"elementor-heading-title elementor-size-default\">Marcas Associadas<\/h2>\t\t\t\t<\/div>\n\t\t\t\t<\/div>\n\t\t\t\t<div class=\"elementor-element elementor-element-d811fdd elementor-widget elementor-widget-spacer\" data-id=\"d811fdd\" data-element_type=\"widget\" data-e-type=\"widget\" data-widget_type=\"spacer.default\">\n\t\t\t\t<div class=\"elementor-widget-container\">\n\t\t\t\t\t\t\t<div class=\"elementor-spacer\">\n\t\t\t<div class=\"elementor-spacer-inner\"><\/div>\n\t\t<\/div>\n\t\t\t\t\t\t<\/div>\n\t\t\t\t<\/div>\n\t\t\t\t<section class=\"elementor-section elementor-inner-section elementor-element elementor-element-ff04072 elementor-section-boxed elementor-section-height-default elementor-section-height-default\" data-id=\"ff04072\" data-element_type=\"section\" data-e-type=\"section\">\n\t\t\t\t\t\t<div class=\"elementor-container elementor-column-gap-default\">\n\t\t\t\t\t<div class=\"elementor-column elementor-col-20 elementor-inner-column elementor-element elementor-element-aa6cf95\" data-id=\"aa6cf95\" data-element_type=\"column\" data-e-type=\"column\">\n\t\t\t<div class=\"elementor-widget-wrap elementor-element-populated\">\n\t\t\t\t\t\t<div class=\"elementor-element elementor-element-c11d328 elementor-position-top elementor-widget elementor-widget-image-box\" data-id=\"c11d328\" data-element_type=\"widget\" data-e-type=\"widget\" data-widget_type=\"image-box.default\">\n\t\t\t\t<div class=\"elementor-widget-container\">\n\t\t\t\t\t<div class=\"elementor-image-box-wrapper\"><figure class=\"elementor-image-box-img\"><a href=\"http:\/\/www.divercol.pt\" target=\"_blank\" tabindex=\"-1\"><img fetchpriority=\"high\" decoding=\"async\" width=\"968\" height=\"255\" src=\"https:\/\/portpallet.com\/ww\/wp-content\/uploads\/2022\/07\/logo_divercol1.png\" class=\"elementor-animation-shrink attachment-full size-full wp-image-6753\" alt=\"\" srcset=\"https:\/\/portpallet.com\/ww\/wp-content\/uploads\/2022\/07\/logo_divercol1.png 968w, https:\/\/portpallet.com\/ww\/wp-content\/uploads\/2022\/07\/logo_divercol1-300x79.png 300w, https:\/\/portpallet.com\/ww\/wp-content\/uploads\/2022\/07\/logo_divercol1-768x202.png 768w, https:\/\/portpallet.com\/ww\/wp-content\/uploads\/2022\/07\/logo_divercol1-600x158.png 600w\" sizes=\"(max-width: 968px) 100vw, 968px\" \/><\/a><\/figure><div class=\"elementor-image-box-content\"><p class=\"elementor-image-box-description\">Fabrico de tintas, vernizes e diluentes para uso industrial.<\/p><\/div><\/div>\t\t\t\t<\/div>\n\t\t\t\t<\/div>\n\t\t\t\t\t<\/div>\n\t\t<\/div>\n\t\t\t\t<div class=\"elementor-column elementor-col-20 elementor-inner-column elementor-element elementor-element-7f77dba\" data-id=\"7f77dba\" data-element_type=\"column\" data-e-type=\"column\">\n\t\t\t<div class=\"elementor-widget-wrap elementor-element-populated\">\n\t\t\t\t\t\t<div class=\"elementor-element elementor-element-cc67991 elementor-position-top elementor-widget elementor-widget-image-box\" data-id=\"cc67991\" data-element_type=\"widget\" data-e-type=\"widget\" data-widget_type=\"image-box.default\">\n\t\t\t\t<div class=\"elementor-widget-container\">\n\t\t\t\t\t<div class=\"elementor-image-box-wrapper\"><figure class=\"elementor-image-box-img\"><a href=\"http:\/\/www.portimpact.com\" tabindex=\"-1\"><img decoding=\"async\" width=\"300\" height=\"101\" src=\"https:\/\/portpallet.com\/ww\/wp-content\/uploads\/2022\/07\/logo-portimpact.png\" class=\"elementor-animation-shrink attachment-full size-full wp-image-6545\" alt=\"Potimpact Escadas, Escadotes e Estendais\" \/><\/a><\/figure><div class=\"elementor-image-box-content\"><p class=\"elementor-image-box-description\">Conce\u00e7\u00e3o e Fabrico de Escadas, Escadotes e Estendais<\/p><\/div><\/div>\t\t\t\t<\/div>\n\t\t\t\t<\/div>\n\t\t\t\t\t<\/div>\n\t\t<\/div>\n\t\t\t\t<div class=\"elementor-column elementor-col-20 elementor-inner-column elementor-element elementor-element-4bcdea7\" data-id=\"4bcdea7\" data-element_type=\"column\" data-e-type=\"column\">\n\t\t\t<div class=\"elementor-widget-wrap elementor-element-populated\">\n\t\t\t\t\t\t<div class=\"elementor-element elementor-element-2b01d39 elementor-position-top elementor-widget elementor-widget-image-box\" data-id=\"2b01d39\" data-element_type=\"widget\" data-e-type=\"widget\" data-widget_type=\"image-box.default\">\n\t\t\t\t<div class=\"elementor-widget-container\">\n\t\t\t\t\t<div class=\"elementor-image-box-wrapper\"><figure class=\"elementor-image-box-img\"><a href=\"http:\/\/www.tintinhas.com\" tabindex=\"-1\"><img decoding=\"async\" width=\"388\" height=\"156\" src=\"https:\/\/portpallet.com\/ww\/wp-content\/uploads\/2022\/07\/logo_tintinhas_cor-1.png\" class=\"elementor-animation-shrink attachment-full size-full wp-image-6755\" alt=\"\" srcset=\"https:\/\/portpallet.com\/ww\/wp-content\/uploads\/2022\/07\/logo_tintinhas_cor-1.png 388w, https:\/\/portpallet.com\/ww\/wp-content\/uploads\/2022\/07\/logo_tintinhas_cor-1-300x121.png 300w\" sizes=\"(max-width: 388px) 100vw, 388px\" \/><\/a><\/figure><div class=\"elementor-image-box-content\"><p class=\"elementor-image-box-description\">Produtos Utilit\u00e1rios e Complementos de Pintura.<\/p><\/div><\/div>\t\t\t\t<\/div>\n\t\t\t\t<\/div>\n\t\t\t\t\t<\/div>\n\t\t<\/div>\n\t\t\t\t<div class=\"elementor-column elementor-col-20 elementor-inner-column elementor-element elementor-element-2985bb5\" data-id=\"2985bb5\" data-element_type=\"column\" data-e-type=\"column\">\n\t\t\t<div class=\"elementor-widget-wrap elementor-element-populated\">\n\t\t\t\t\t\t<div class=\"elementor-element elementor-element-0ceb431 elementor-position-top elementor-widget elementor-widget-image-box\" data-id=\"0ceb431\" data-element_type=\"widget\" data-e-type=\"widget\" data-widget_type=\"image-box.default\">\n\t\t\t\t<div class=\"elementor-widget-container\">\n\t\t\t\t\t<div class=\"elementor-image-box-wrapper\"><figure class=\"elementor-image-box-img\"><a href=\"http:\/\/www.divercol.pt\" tabindex=\"-1\"><img loading=\"lazy\" decoding=\"async\" width=\"386\" height=\"77\" src=\"https:\/\/portpallet.com\/ww\/wp-content\/uploads\/2022\/07\/logo_dankar_cinza.png\" class=\"elementor-animation-shrink attachment-full size-full wp-image-6756\" alt=\"\" srcset=\"https:\/\/portpallet.com\/ww\/wp-content\/uploads\/2022\/07\/logo_dankar_cinza.png 386w, https:\/\/portpallet.com\/ww\/wp-content\/uploads\/2022\/07\/logo_dankar_cinza-300x60.png 300w\" sizes=\"(max-width: 386px) 100vw, 386px\" \/><\/a><\/figure><div class=\"elementor-image-box-content\"><p class=\"elementor-image-box-description\">Produtos para Pintura e Prote\u00e7\u00e3o de Metais Industriais<\/p><\/div><\/div>\t\t\t\t<\/div>\n\t\t\t\t<\/div>\n\t\t\t\t\t<\/div>\n\t\t<\/div>\n\t\t\t\t<div class=\"elementor-column elementor-col-20 elementor-inner-column elementor-element elementor-element-62ad0e3\" data-id=\"62ad0e3\" data-element_type=\"column\" data-e-type=\"column\">\n\t\t\t<div class=\"elementor-widget-wrap elementor-element-populated\">\n\t\t\t\t\t\t<div class=\"elementor-element elementor-element-e64649e elementor-position-top elementor-widget elementor-widget-image-box\" data-id=\"e64649e\" data-element_type=\"widget\" data-e-type=\"widget\" data-widget_type=\"image-box.default\">\n\t\t\t\t<div class=\"elementor-widget-container\">\n\t\t\t\t\t<div class=\"elementor-image-box-wrapper\"><figure class=\"elementor-image-box-img\"><a href=\"http:\/\/www.divercol.pt\" tabindex=\"-1\"><img loading=\"lazy\" decoding=\"async\" width=\"354\" height=\"104\" src=\"https:\/\/portpallet.com\/ww\/wp-content\/uploads\/2022\/07\/logo_vedeta-2.png\" class=\"elementor-animation-shrink attachment-full size-full wp-image-6757\" alt=\"\" srcset=\"https:\/\/portpallet.com\/ww\/wp-content\/uploads\/2022\/07\/logo_vedeta-2.png 354w, https:\/\/portpallet.com\/ww\/wp-content\/uploads\/2022\/07\/logo_vedeta-2-300x88.png 300w\" sizes=\"(max-width: 354px) 100vw, 354px\" \/><\/a><\/figure><div class=\"elementor-image-box-content\"><p class=\"elementor-image-box-description\">Produtos para Industria de Cer\u00e2micas, Vidros, Velas Decorativas.<\/p><\/div><\/div>\t\t\t\t<\/div>\n\t\t\t\t<\/div>\n\t\t\t\t\t<\/div>\n\t\t<\/div>\n\t\t\t\t\t<\/div>\n\t\t<\/section>\n\t\t\t\t\t<\/div>\n\t\t<\/div>\n\t\t\t\t\t<\/div>\n\t\t<\/section>\n\t\t\t\t<\/div>\n\t\t","protected":false},"excerpt":{"rendered":"<p>Marcas Associadas Fabrico de tintas, vernizes e diluentes para uso industrial. Conce\u00e7\u00e3o e Fabrico de Escadas, Escadotes e Estendais Produtos Utilit\u00e1rios e Complementos de Pintura. Produtos para Pintura e Prote\u00e7\u00e3o de Metais Industriais Produtos para Industria de Cer\u00e2micas, Vidros, Velas &hellip; <a href=\"https:\/\/portpallet.com\/ww\/marcas\/\">Readmore<\/a><\/p>\n","protected":false},"author":3,"featured_media":0,"parent":0,"menu_order":0,"comment_status":"closed","ping_status":"closed","template":"","meta":{"rs_blank_template":"","rs_page_bg_color":"","slide_template_v7":"","footnotes":""},"class_list":["post-6543","page","type-page","status-publish","hentry"],"_links":{"self":[{"href":"https:\/\/portpallet.com\/ww\/wp-json\/wp\/v2\/pages\/6543","targetHints":{"allow":["GET"]}}],"collection":[{"href":"https:\/\/portpallet.com\/ww\/wp-json\/wp\/v2\/pages"}],"about":[{"href":"https:\/\/portpallet.com\/ww\/wp-json\/wp\/v2\/types\/page"}],"author":[{"embeddable":true,"href":"https:\/\/portpallet.com\/ww\/wp-json\/wp\/v2\/users\/3"}],"replies":[{"embeddable":true,"href":"https:\/\/portpallet.com\/ww\/wp-json\/wp\/v2\/comments?post=6543"}],"version-history":[{"count":37,"href":"https:\/\/portpallet.com\/ww\/wp-json\/wp\/v2\/pages\/6543\/revisions"}],"predecessor-version":[{"id":6760,"href":"https:\/\/portpallet.com\/ww\/wp-json\/wp\/v2\/pages\/6543\/revisions\/6760"}],"wp:attachment":[{"href":"https:\/\/portpallet.com\/ww\/wp-json\/wp\/v2\/media?parent=6543"}],"curies":[{"name":"wp","href":"https:\/\/api.w.org\/{rel}","templated":true}]}}