{"id":6704,"date":"2022-07-22T08:09:31","date_gmt":"2022-07-22T08:09:31","guid":{"rendered":"https:\/\/portpallet.com\/ww\/?page_id=6704"},"modified":"2022-09-06T16:39:35","modified_gmt":"2022-09-06T16:39:35","slug":"aplicacoes","status":"publish","type":"page","link":"https:\/\/portpallet.com\/ww\/aplicacoes\/","title":{"rendered":"Aplica\u00e7\u00f5es"},"content":{"rendered":"\t\t<div data-elementor-type=\"wp-page\" data-elementor-id=\"6704\" class=\"elementor elementor-6704\">\n\t\t\t\t\t\t<section class=\"elementor-section elementor-top-section elementor-element elementor-element-4c0e65a8 elementor-section-boxed elementor-section-height-default elementor-section-height-default\" data-id=\"4c0e65a8\" data-element_type=\"section\" data-e-type=\"section\">\n\t\t\t\t\t\t<div class=\"elementor-container elementor-column-gap-default\">\n\t\t\t\t\t<div class=\"elementor-column elementor-col-100 elementor-top-column elementor-element elementor-element-7b2465d2\" data-id=\"7b2465d2\" data-element_type=\"column\" data-e-type=\"column\">\n\t\t\t<div class=\"elementor-widget-wrap elementor-element-populated\">\n\t\t\t\t\t\t<div class=\"elementor-element elementor-element-8609f9f elementor-widget elementor-widget-heading\" data-id=\"8609f9f\" data-element_type=\"widget\" data-e-type=\"widget\" data-widget_type=\"heading.default\">\n\t\t\t\t<div class=\"elementor-widget-container\">\n\t\t\t\t\t<h2 class=\"elementor-heading-title elementor-size-default\">Aplica\u00e7\u00f5es<\/h2>\t\t\t\t<\/div>\n\t\t\t\t<\/div>\n\t\t\t\t<div class=\"elementor-element elementor-element-e49ebd5 elementor-widget elementor-widget-text-editor\" data-id=\"e49ebd5\" data-element_type=\"widget\" data-e-type=\"widget\" data-widget_type=\"text-editor.default\">\n\t\t\t\t<div class=\"elementor-widget-container\">\n\t\t\t\t\t\t\t\t\t<h4 style=\"text-align: center;\">Solu\u00e7\u00f5es para Empresas<\/h4>\t\t\t\t\t\t\t\t<\/div>\n\t\t\t\t<\/div>\n\t\t\t\t<section class=\"elementor-section elementor-inner-section elementor-element elementor-element-f292f51 elementor-section-boxed elementor-section-height-default elementor-section-height-default\" data-id=\"f292f51\" data-element_type=\"section\" data-e-type=\"section\">\n\t\t\t\t\t\t<div class=\"elementor-container elementor-column-gap-default\">\n\t\t\t\t\t<div class=\"elementor-column elementor-col-33 elementor-inner-column elementor-element elementor-element-fb82e12\" data-id=\"fb82e12\" data-element_type=\"column\" data-e-type=\"column\">\n\t\t\t<div class=\"elementor-widget-wrap elementor-element-populated\">\n\t\t\t\t\t\t<div class=\"elementor-element elementor-element-16b69f8 elementor-position-top elementor-widget elementor-widget-image-box\" data-id=\"16b69f8\" data-element_type=\"widget\" data-e-type=\"widget\" data-widget_type=\"image-box.default\">\n\t\t\t\t<div class=\"elementor-widget-container\">\n\t\t\t\t\t<div class=\"elementor-image-box-wrapper\"><figure class=\"elementor-image-box-img\"><img decoding=\"async\" width=\"20\" height=\"15\" src=\"https:\/\/portpallet.com\/ww\/wp-content\/uploads\/2022\/07\/auto.svg\" class=\"attachment-full size-full wp-image-6706\" alt=\"\" \/><\/figure><div class=\"elementor-image-box-content\"><h3 class=\"elementor-image-box-title\">Autom\u00f3vel<\/h3><p class=\"elementor-image-box-description\">Adapta\u00e7\u00e3o \u00e1s exig\u00eancias de crit\u00e9rios de funcionalidade, flexibilidade e efici\u00eancia da cadeia log\u00edstica.<\/p><\/div><\/div>\t\t\t\t<\/div>\n\t\t\t\t<\/div>\n\t\t\t\t\t<\/div>\n\t\t<\/div>\n\t\t\t\t<div class=\"elementor-column elementor-col-33 elementor-inner-column elementor-element elementor-element-f18a79f\" data-id=\"f18a79f\" data-element_type=\"column\" data-e-type=\"column\">\n\t\t\t<div class=\"elementor-widget-wrap elementor-element-populated\">\n\t\t\t\t\t\t<div class=\"elementor-element elementor-element-f9e8045 elementor-position-top elementor-widget elementor-widget-image-box\" data-id=\"f9e8045\" data-element_type=\"widget\" data-e-type=\"widget\" data-widget_type=\"image-box.default\">\n\t\t\t\t<div class=\"elementor-widget-container\">\n\t\t\t\t\t<div class=\"elementor-image-box-wrapper\"><figure class=\"elementor-image-box-img\"><img decoding=\"async\" width=\"20\" height=\"15\" src=\"https:\/\/portpallet.com\/ww\/wp-content\/uploads\/2022\/07\/vaca1.svg\" class=\"attachment-full size-full wp-image-6708\" alt=\"\" \/><\/figure><div class=\"elementor-image-box-content\"><h3 class=\"elementor-image-box-title\">Alimentar<\/h3><p class=\"elementor-image-box-description\">Utiliza\u00e7\u00e3o em ambientes de produ\u00e7\u00e3o e armazenagem altamente exigentes sob o ponto de vista de higiene e seguran\u00e7a do produto.<\/p><\/div><\/div>\t\t\t\t<\/div>\n\t\t\t\t<\/div>\n\t\t\t\t\t<\/div>\n\t\t<\/div>\n\t\t\t\t<div class=\"elementor-column elementor-col-33 elementor-inner-column elementor-element elementor-element-74123b5\" data-id=\"74123b5\" data-element_type=\"column\" data-e-type=\"column\">\n\t\t\t<div class=\"elementor-widget-wrap elementor-element-populated\">\n\t\t\t\t\t\t<div class=\"elementor-element elementor-element-afe0bec elementor-position-top elementor-widget elementor-widget-image-box\" data-id=\"afe0bec\" data-element_type=\"widget\" data-e-type=\"widget\" data-widget_type=\"image-box.default\">\n\t\t\t\t<div class=\"elementor-widget-container\">\n\t\t\t\t\t<div class=\"elementor-image-box-wrapper\"><figure class=\"elementor-image-box-img\"><img decoding=\"async\" width=\"30\" height=\"30\" src=\"https:\/\/portpallet.com\/ww\/wp-content\/uploads\/2022\/07\/bebidas.svg\" class=\"attachment-full size-full wp-image-6707\" alt=\"\" \/><\/figure><div class=\"elementor-image-box-content\"><h3 class=\"elementor-image-box-title\">Bebidas ou Garrafas<\/h3><p class=\"elementor-image-box-description\">Adapta\u00e7\u00e3o f\u00e1cil a embalagens retorn\u00e1veis, potenciando a reutiliza\u00e7\u00e3o e a redu\u00e7\u00e3o da pegada ecol\u00f3gica.<\/p><\/div><\/div>\t\t\t\t<\/div>\n\t\t\t\t<\/div>\n\t\t\t\t\t<\/div>\n\t\t<\/div>\n\t\t\t\t\t<\/div>\n\t\t<\/section>\n\t\t\t\t<section class=\"elementor-section elementor-inner-section elementor-element elementor-element-34d5d72 elementor-section-boxed elementor-section-height-default elementor-section-height-default\" data-id=\"34d5d72\" data-element_type=\"section\" data-e-type=\"section\">\n\t\t\t\t\t\t<div class=\"elementor-container elementor-column-gap-default\">\n\t\t\t\t\t<div class=\"elementor-column elementor-col-33 elementor-inner-column elementor-element elementor-element-b231d41\" data-id=\"b231d41\" data-element_type=\"column\" data-e-type=\"column\">\n\t\t\t<div class=\"elementor-widget-wrap elementor-element-populated\">\n\t\t\t\t\t\t<div class=\"elementor-element elementor-element-76a20de elementor-position-top elementor-widget elementor-widget-image-box\" data-id=\"76a20de\" data-element_type=\"widget\" data-e-type=\"widget\" data-widget_type=\"image-box.default\">\n\t\t\t\t<div class=\"elementor-widget-container\">\n\t\t\t\t\t<div class=\"elementor-image-box-wrapper\"><figure class=\"elementor-image-box-img\"><img loading=\"lazy\" decoding=\"async\" width=\"20\" height=\"15\" src=\"https:\/\/portpallet.com\/ww\/wp-content\/uploads\/2022\/07\/carro.svg\" class=\"attachment-full size-full wp-image-6716\" alt=\"\" \/><\/figure><div class=\"elementor-image-box-content\"><h3 class=\"elementor-image-box-title\">Distribui\u00e7\u00e3o<\/h3><p class=\"elementor-image-box-description\">Apresenta\u00e7\u00e3o cuidada dos seus produtos. A imagem tamb\u00e9m vende. Possibilidade de utiliza\u00e7\u00e3o de sistema de rastreio \u201csiga a sua palete\u201d para uma maior efici\u00eancia na gest\u00e3o de ativos.<\/p><\/div><\/div>\t\t\t\t<\/div>\n\t\t\t\t<\/div>\n\t\t\t\t\t<\/div>\n\t\t<\/div>\n\t\t\t\t<div class=\"elementor-column elementor-col-33 elementor-inner-column elementor-element elementor-element-5067592\" data-id=\"5067592\" data-element_type=\"column\" data-e-type=\"column\">\n\t\t\t<div class=\"elementor-widget-wrap elementor-element-populated\">\n\t\t\t\t\t\t<div class=\"elementor-element elementor-element-131e2c6 elementor-position-top elementor-widget elementor-widget-image-box\" data-id=\"131e2c6\" data-element_type=\"widget\" data-e-type=\"widget\" data-widget_type=\"image-box.default\">\n\t\t\t\t<div class=\"elementor-widget-container\">\n\t\t\t\t\t<div class=\"elementor-image-box-wrapper\"><figure class=\"elementor-image-box-img\"><img loading=\"lazy\" decoding=\"async\" width=\"20\" height=\"15\" src=\"https:\/\/portpallet.com\/ww\/wp-content\/uploads\/2022\/07\/famacia.svg\" class=\"attachment-full size-full wp-image-6717\" alt=\"\" \/><\/figure><div class=\"elementor-image-box-content\"><h3 class=\"elementor-image-box-title\">Farmac\u00eautico e dispositivo m\u00e9dico<\/h3><p class=\"elementor-image-box-description\">Perfeitamente adaptados \u00e0 produ\u00e7\u00e3o e manuseamento em salas esterilizadas e de elevada exig\u00eancia de higiene e seguran\u00e7a.<\/p><\/div><\/div>\t\t\t\t<\/div>\n\t\t\t\t<\/div>\n\t\t\t\t\t<\/div>\n\t\t<\/div>\n\t\t\t\t<div class=\"elementor-column elementor-col-33 elementor-inner-column elementor-element elementor-element-15b826a\" data-id=\"15b826a\" data-element_type=\"column\" data-e-type=\"column\">\n\t\t\t<div class=\"elementor-widget-wrap elementor-element-populated\">\n\t\t\t\t\t\t<div class=\"elementor-element elementor-element-6e63f0d elementor-position-top elementor-widget elementor-widget-image-box\" data-id=\"6e63f0d\" data-element_type=\"widget\" data-e-type=\"widget\" data-widget_type=\"image-box.default\">\n\t\t\t\t<div class=\"elementor-widget-container\">\n\t\t\t\t\t<div class=\"elementor-image-box-wrapper\"><figure class=\"elementor-image-box-img\"><img loading=\"lazy\" decoding=\"async\" width=\"20\" height=\"15\" src=\"https:\/\/portpallet.com\/ww\/wp-content\/uploads\/2022\/07\/trator.svg\" class=\"attachment-full size-full wp-image-6718\" alt=\"\" \/><\/figure><div class=\"elementor-image-box-content\"><h3 class=\"elementor-image-box-title\">Hortofrut\u00edcola e agro alimentar<\/h3><p class=\"elementor-image-box-description\">Sem problemas de contamina\u00e7\u00f5es por bact\u00e9rias ou parasitas. Dispensa fumiga\u00e7\u00e3o ou tratamentos de desinfe\u00e7\u00e3o.<\/p><\/div><\/div>\t\t\t\t<\/div>\n\t\t\t\t<\/div>\n\t\t\t\t\t<\/div>\n\t\t<\/div>\n\t\t\t\t\t<\/div>\n\t\t<\/section>\n\t\t\t\t<section class=\"elementor-section elementor-inner-section elementor-element elementor-element-7915d8c elementor-section-boxed elementor-section-height-default elementor-section-height-default\" data-id=\"7915d8c\" data-element_type=\"section\" data-e-type=\"section\">\n\t\t\t\t\t\t<div class=\"elementor-container elementor-column-gap-default\">\n\t\t\t\t\t<div class=\"elementor-column elementor-col-33 elementor-inner-column elementor-element elementor-element-2286cc5\" data-id=\"2286cc5\" data-element_type=\"column\" data-e-type=\"column\">\n\t\t\t<div class=\"elementor-widget-wrap\">\n\t\t\t\t\t\t\t<\/div>\n\t\t<\/div>\n\t\t\t\t<div class=\"elementor-column elementor-col-33 elementor-inner-column elementor-element elementor-element-87105a2\" data-id=\"87105a2\" data-element_type=\"column\" data-e-type=\"column\">\n\t\t\t<div class=\"elementor-widget-wrap elementor-element-populated\">\n\t\t\t\t\t\t<div class=\"elementor-element elementor-element-c70c81e elementor-position-top elementor-widget elementor-widget-image-box\" data-id=\"c70c81e\" data-element_type=\"widget\" data-e-type=\"widget\" data-widget_type=\"image-box.default\">\n\t\t\t\t<div class=\"elementor-widget-container\">\n\t\t\t\t\t<div class=\"elementor-image-box-wrapper\"><figure class=\"elementor-image-box-img\"><img loading=\"lazy\" decoding=\"async\" width=\"30\" height=\"30\" src=\"https:\/\/portpallet.com\/ww\/wp-content\/uploads\/2022\/07\/pesca.svg\" class=\"attachment-full size-full wp-image-6719\" alt=\"\" \/><\/figure><div class=\"elementor-image-box-content\"><h3 class=\"elementor-image-box-title\">Pesca<\/h3><p class=\"elementor-image-box-description\">Leves, robustas e resistentes \u00e0 humidade. F\u00e1cil limpeza.<\/p><\/div><\/div>\t\t\t\t<\/div>\n\t\t\t\t<\/div>\n\t\t\t\t\t<\/div>\n\t\t<\/div>\n\t\t\t\t<div class=\"elementor-column elementor-col-33 elementor-inner-column elementor-element elementor-element-8a42099\" data-id=\"8a42099\" data-element_type=\"column\" data-e-type=\"column\">\n\t\t\t<div class=\"elementor-widget-wrap\">\n\t\t\t\t\t\t\t<\/div>\n\t\t<\/div>\n\t\t\t\t\t<\/div>\n\t\t<\/section>\n\t\t\t\t<div class=\"elementor-element elementor-element-ae60eae elementor-widget elementor-widget-spacer\" data-id=\"ae60eae\" data-element_type=\"widget\" data-e-type=\"widget\" data-widget_type=\"spacer.default\">\n\t\t\t\t<div class=\"elementor-widget-container\">\n\t\t\t\t\t\t\t<div class=\"elementor-spacer\">\n\t\t\t<div class=\"elementor-spacer-inner\"><\/div>\n\t\t<\/div>\n\t\t\t\t\t\t<\/div>\n\t\t\t\t<\/div>\n\t\t\t\t\t<\/div>\n\t\t<\/div>\n\t\t\t\t\t<\/div>\n\t\t<\/section>\n\t\t\t\t<\/div>\n\t\t","protected":false},"excerpt":{"rendered":"<p>Aplica\u00e7\u00f5es Solu\u00e7\u00f5es para Empresas Autom\u00f3vel Adapta\u00e7\u00e3o \u00e1s exig\u00eancias de crit\u00e9rios de funcionalidade, flexibilidade e efici\u00eancia da cadeia log\u00edstica. Alimentar Utiliza\u00e7\u00e3o em ambientes de produ\u00e7\u00e3o e armazenagem altamente exigentes sob o ponto de vista de higiene e seguran\u00e7a do produto. Bebidas &hellip; <a href=\"https:\/\/portpallet.com\/ww\/aplicacoes\/\">Readmore<\/a><\/p>\n","protected":false},"author":2,"featured_media":0,"parent":0,"menu_order":0,"comment_status":"closed","ping_status":"closed","template":"","meta":{"rs_blank_template":"","rs_page_bg_color":"","slide_template_v7":"","footnotes":""},"class_list":["post-6704","page","type-page","status-publish","hentry"],"_links":{"self":[{"href":"https:\/\/portpallet.com\/ww\/wp-json\/wp\/v2\/pages\/6704","targetHints":{"allow":["GET"]}}],"collection":[{"href":"https:\/\/portpallet.com\/ww\/wp-json\/wp\/v2\/pages"}],"about":[{"href":"https:\/\/portpallet.com\/ww\/wp-json\/wp\/v2\/types\/page"}],"author":[{"embeddable":true,"href":"https:\/\/portpallet.com\/ww\/wp-json\/wp\/v2\/users\/2"}],"replies":[{"embeddable":true,"href":"https:\/\/portpallet.com\/ww\/wp-json\/wp\/v2\/comments?post=6704"}],"version-history":[{"count":16,"href":"https:\/\/portpallet.com\/ww\/wp-json\/wp\/v2\/pages\/6704\/revisions"}],"predecessor-version":[{"id":7422,"href":"https:\/\/portpallet.com\/ww\/wp-json\/wp\/v2\/pages\/6704\/revisions\/7422"}],"wp:attachment":[{"href":"https:\/\/portpallet.com\/ww\/wp-json\/wp\/v2\/media?parent=6704"}],"curies":[{"name":"wp","href":"https:\/\/api.w.org\/{rel}","templated":true}]}}