{"id":6791,"date":"2022-07-22T14:34:32","date_gmt":"2022-07-22T14:34:32","guid":{"rendered":"https:\/\/portpallet.com\/ww\/?page_id=6791"},"modified":"2022-09-06T10:24:29","modified_gmt":"2022-09-06T10:24:29","slug":"politica-cookies","status":"publish","type":"page","link":"https:\/\/portpallet.com\/ww\/politica-cookies\/","title":{"rendered":"Pol\u00edtica de cookies"},"content":{"rendered":"\t\t<div data-elementor-type=\"wp-page\" data-elementor-id=\"6791\" class=\"elementor elementor-6791\">\n\t\t\t\t\t\t<section class=\"elementor-section elementor-top-section elementor-element elementor-element-7237915c elementor-section-boxed elementor-section-height-default elementor-section-height-default\" data-id=\"7237915c\" data-element_type=\"section\" data-e-type=\"section\">\n\t\t\t\t\t\t<div class=\"elementor-container elementor-column-gap-default\">\n\t\t\t\t\t<div class=\"elementor-column elementor-col-100 elementor-top-column elementor-element elementor-element-e32689b\" data-id=\"e32689b\" data-element_type=\"column\" data-e-type=\"column\">\n\t\t\t<div class=\"elementor-widget-wrap elementor-element-populated\">\n\t\t\t\t\t\t<div class=\"elementor-element elementor-element-ec6a3c8 elementor-widget elementor-widget-heading\" data-id=\"ec6a3c8\" data-element_type=\"widget\" data-e-type=\"widget\" data-widget_type=\"heading.default\">\n\t\t\t\t<div class=\"elementor-widget-container\">\n\t\t\t\t\t<h2 class=\"elementor-heading-title elementor-size-default\">Pol\u00edtica de Cookies<\/h2>\t\t\t\t<\/div>\n\t\t\t\t<\/div>\n\t\t\t\t<div class=\"elementor-element elementor-element-a59e334 elementor-widget elementor-widget-text-editor\" data-id=\"a59e334\" data-element_type=\"widget\" data-e-type=\"widget\" data-widget_type=\"text-editor.default\">\n\t\t\t\t<div class=\"elementor-widget-container\">\n\t\t\t\t\t\t\t\t\t<h4 style=\"text-align: center;\">Termos e Condi\u00e7\u00f5es<\/h4>\t\t\t\t\t\t\t\t<\/div>\n\t\t\t\t<\/div>\n\t\t\t\t<div class=\"elementor-element elementor-element-fe357d1 elementor-widget elementor-widget-text-editor\" data-id=\"fe357d1\" data-element_type=\"widget\" data-e-type=\"widget\" data-widget_type=\"text-editor.default\">\n\t\t\t\t<div class=\"elementor-widget-container\">\n\t\t\t\t\t\t\t\t\t<p><\/p>\n<h3 class=\"wp-block-heading\">\u00a0<\/h3>\n<p><\/p>\n<p style=\"text-align: left;\">\u00a0O cookie \u00e9 um pequeno ficheiro de texto que, embora n\u00e3o recolhendo informa\u00e7\u00f5es pessoais que permitam identificar o utilizador, guardam sobre este, no dispositivo de acesso, informa\u00e7\u00f5es gen\u00e9ricas que lhe permitem uma posterior utiliza\u00e7\u00e3o dos sites de forma mais r\u00e1pida e eficiente.<\/p>\n<p style=\"text-align: left;\">Os cookies t\u00eam fun\u00e7\u00f5es espec\u00edficas, podendo durar a sess\u00e3o do utilizador ou prolongar-se ap\u00f3s o seu fecho, de forma persistente, conforme a fun\u00e7\u00e3o a que se destinem.<\/p>\n<p>\u00a0<\/p>\n<p><\/p>\n<h3 class=\"wp-block-heading\" style=\"text-align: center;\"><b>Tipos de cookies<\/b><\/h3>\n<p><\/p>\n<p style=\"text-align: left;\"><b>Necess\u00e1rios<\/b>\u00a0&#8211; Ativos apenas durante a sess\u00e3o do utilizador, permitindo identific\u00e1-lo, s\u00e3o essenciais ao funcionamento dos servi\u00e7os disponibilizados nos sites;<\/p>\n<p style=\"text-align: left;\"><b>De performance<\/b>\u00a0Ativos durante a sess\u00e3o do utilizador, ou de forma persistente, com o fim de melhorar o desempenho do site, atrav\u00e9s de an\u00e1lise da forma como os utilizadores o usam;<\/p>\n<p style=\"text-align: left;\"><b>Funcionais<\/b>&#8211; Ativos durante a sess\u00e3o do utilizador, ou de forma persistente, com o fim de permitir ao utilizador uma navega\u00e7\u00e3o mais eficiente e individualizada;<\/p>\n<p style=\"text-align: left;\"><b>De publicidade<\/b>\u00a0Ativos de forma persistente mas por per\u00edodo limitado, com o fim de recolherem informa\u00e7\u00e3o do utilizador sobre h\u00e1bitos de navega\u00e7\u00e3o na internet de modo a que a publicidade visualizada por aquele corresponda \u00e0s suas necessidades e interesses.<\/p>\n<p>\u00a0<\/p>\n<p><\/p>\n<h3 class=\"wp-block-heading\" style=\"text-align: center;\"><b>Desativa\u00e7\u00e3o dos cookies<\/b><\/h3>\n<p><\/p>\n<p style=\"text-align: left;\">Todos os browsers permitem ao utilizador aceitar, recusar ou apagar cookies, nomeadamente atrav\u00e9s da sele\u00e7\u00e3o das defini\u00e7\u00f5es apropriadas no respetivo navegador, pelo que o utilizador pode, a qualquer momento, desativar parcial ou totalmente os cookies utilizados no site da PORTPALLET.<\/p>\n<p>\u00a0<\/p>\n<p><\/p>\n<p>\u00a0<\/p>\n<p><\/p>\t\t\t\t\t\t\t\t<\/div>\n\t\t\t\t<\/div>\n\t\t\t\t\t<\/div>\n\t\t<\/div>\n\t\t\t\t\t<\/div>\n\t\t<\/section>\n\t\t\t\t<\/div>\n\t\t","protected":false},"excerpt":{"rendered":"<p>Pol\u00edtica de Cookies Termos e Condi\u00e7\u00f5es \u00a0 \u00a0O cookie \u00e9 um pequeno ficheiro de texto que, embora n\u00e3o recolhendo informa\u00e7\u00f5es pessoais que permitam identificar o utilizador, guardam sobre este, no dispositivo de acesso, informa\u00e7\u00f5es gen\u00e9ricas que lhe permitem uma posterior &hellip; <a href=\"https:\/\/portpallet.com\/ww\/politica-cookies\/\">Readmore<\/a><\/p>\n","protected":false},"author":2,"featured_media":0,"parent":0,"menu_order":0,"comment_status":"closed","ping_status":"closed","template":"","meta":{"rs_blank_template":"","rs_page_bg_color":"","slide_template_v7":"","footnotes":""},"class_list":["post-6791","page","type-page","status-publish","hentry"],"_links":{"self":[{"href":"https:\/\/portpallet.com\/ww\/wp-json\/wp\/v2\/pages\/6791","targetHints":{"allow":["GET"]}}],"collection":[{"href":"https:\/\/portpallet.com\/ww\/wp-json\/wp\/v2\/pages"}],"about":[{"href":"https:\/\/portpallet.com\/ww\/wp-json\/wp\/v2\/types\/page"}],"author":[{"embeddable":true,"href":"https:\/\/portpallet.com\/ww\/wp-json\/wp\/v2\/users\/2"}],"replies":[{"embeddable":true,"href":"https:\/\/portpallet.com\/ww\/wp-json\/wp\/v2\/comments?post=6791"}],"version-history":[{"count":7,"href":"https:\/\/portpallet.com\/ww\/wp-json\/wp\/v2\/pages\/6791\/revisions"}],"predecessor-version":[{"id":7398,"href":"https:\/\/portpallet.com\/ww\/wp-json\/wp\/v2\/pages\/6791\/revisions\/7398"}],"wp:attachment":[{"href":"https:\/\/portpallet.com\/ww\/wp-json\/wp\/v2\/media?parent=6791"}],"curies":[{"name":"wp","href":"https:\/\/api.w.org\/{rel}","templated":true}]}}