{"id":5854,"date":"2022-07-04T10:04:04","date_gmt":"2022-07-04T10:04:04","guid":{"rendered":"https:\/\/portpallet.com\/ww\/?post_type=product&#038;p=5854"},"modified":"2023-09-08T16:18:57","modified_gmt":"2023-09-08T16:18:57","slug":"palete-aluminio-euro","status":"publish","type":"product","link":"https:\/\/portpallet.com\/ww\/product\/palete-aluminio-euro\/","title":{"rendered":"Palete Alum\u00ednio Euro"},"content":{"rendered":"<table class=\"rTable\" width=\"455\">\n<thead>\n<tr>\n<th style=\"text-align: center;\">\n<h5><span style=\"color: #333333;\">Dimens\u00f5es\u00a0<\/span><\/h5>\n<\/th>\n<th style=\"text-align: center;\">\n<h5><span style=\"color: #333333;\">R\u00e9guas<\/span><\/h5>\n<\/th>\n<th style=\"text-align: center;\">\n<h5><span style=\"color: #333333;\">Entradas<\/span><\/h5>\n<\/th>\n<th style=\"text-align: center;\">\n<h5><span style=\"color: #333333;\">Peso<\/span><\/h5>\n<\/th>\n<\/tr>\n<\/thead>\n<tbody>\n<tr>\n<td>\n<h6><img decoding=\"async\" class=\"aligncenter\" src=\"https:\/\/portpallet.com\/ww\/wp-content\/uploads\/2022\/07\/palet_novo.svg\" alt=\"\" width=\"85\" height=\"63\" \/><\/h6>\n<\/td>\n<td>\n<h5><img decoding=\"async\" class=\"aligncenter\" src=\"https:\/\/portpallet.com\/ww\/wp-content\/uploads\/2022\/07\/palet1_novo.svg\" alt=\"\" width=\"85\" height=\"63\" \/><\/h5>\n<\/td>\n<td>\n<h5><img decoding=\"async\" class=\"aligncenter\" src=\"https:\/\/portpallet.com\/ww\/wp-content\/uploads\/2022\/07\/palet2_novo.svg\" alt=\"\" width=\"85\" height=\"63\" \/><\/h5>\n<\/td>\n<td style=\"text-align: center;\">\n<h5><img loading=\"lazy\" decoding=\"async\" class=\"aligncenter\" src=\"https:\/\/portpallet.com\/ww\/wp-content\/uploads\/2022\/07\/peso_novo.svg\" alt=\"\" width=\"85\" height=\"63\" \/><\/h5>\n<\/td>\n<\/tr>\n<tr>\n<td>\n<h5 style=\"text-align: center;\"><strong><span style=\"color: #333333;\">1200x800x132 mm<\/span><\/strong><\/h5>\n<\/td>\n<td>\n<h5 style=\"text-align: center;\"><span style=\"color: #333333;\"><strong>4-6\u00a0 Un.<\/strong><\/span><\/h5>\n<\/td>\n<td>\n<h5 style=\"text-align: center;\"><strong><span style=\"color: #333333;\">4\u00a0<\/span><\/strong><\/h5>\n<\/td>\n<td>\n<h5 style=\"text-align: center;\"><span style=\"color: #333333;\"><strong>10,5 &#8211; 11,8 kg<\/strong><\/span><\/h5>\n<\/td>\n<\/tr>\n<\/tbody>\n<\/table>\n<table class=\"sTable\" style=\"height: 100%;\" width=\"455\">\n<thead>\n<tr>\n<th style=\"text-align: center;\">\n<h5><span style=\"color: #333333;\">Carga est\u00e1tica <\/span><\/h5>\n<\/th>\n<th style=\"text-align: center;\">\n<h5><span style=\"color: #333333;\">Carga Din\u00e2mica <\/span><\/h5>\n<\/th>\n<th style=\"text-align: center;\">\n<h5><span style=\"color: #333333;\">Carga Rack <\/span><\/h5>\n<\/th>\n<\/tr>\n<\/thead>\n<tbody>\n<tr>\n<td>\n<h4><img loading=\"lazy\" decoding=\"async\" class=\"aligncenter\" src=\"https:\/\/portpallet.com\/ww\/wp-content\/uploads\/2022\/07\/carga_max_novo.svg\" alt=\"\" width=\"85\" height=\"63\" \/><\/h4>\n<\/td>\n<td>\n<h4><img loading=\"lazy\" decoding=\"async\" class=\"aligncenter\" src=\"https:\/\/portpallet.com\/ww\/wp-content\/uploads\/2022\/07\/carga_dinamica_novo.svg\" alt=\"\" width=\"85\" height=\"63\" \/><\/h4>\n<\/td>\n<td style=\"text-align: center;\">\n<h4><img loading=\"lazy\" decoding=\"async\" class=\"aligncenter\" src=\"https:\/\/portpallet.com\/ww\/wp-content\/uploads\/2022\/07\/rack_novo.svg\" alt=\"\" width=\"85\" height=\"63\" \/><\/h4>\n<\/td>\n<\/tr>\n<tr>\n<td>\n<h5 style=\"text-align: center;\"><strong><span style=\"color: #333333;\">2000 Kg<\/span><\/strong><\/h5>\n<\/td>\n<td>\n<h5 style=\"text-align: center;\"><strong><span style=\"color: #333333;\">\u00a0 \u00a0 \u00a01500 Kg<\/span><\/strong><\/h5>\n<\/td>\n<td>\n<h5 style=\"text-align: center;\"><strong><span style=\"color: #333333;\">1000 Kg<\/span><\/strong><\/h5>\n<\/td>\n<\/tr>\n<\/tbody>\n<\/table>\n","protected":false},"excerpt":{"rendered":"<p style=\"text-align: justify;\">Palete de alum\u00ednio, modelo euro, soldada. Leve, robusta e amiga do ambiente. Ideal para utiliza\u00e7\u00e3o em atividades com um elevado grau de exig\u00eancia relativamente a higiene e seguran\u00e7a dos produtos a acondicionar e transportar.<\/p>\n","protected":false},"featured_media":7495,"template":"","meta":{"rs_blank_template":"","rs_page_bg_color":"","slide_template_v7":""},"product_cat":[48,106],"product_tag":[],"class_list":{"0":"post-5854","1":"product","2":"type-product","3":"status-publish","4":"has-post-thumbnail","6":"product_cat-palete-aluminio","7":"product_cat-fab-paletes-metalicas","9":"first","10":"instock","11":"virtual","12":"product-type-simple"},"_links":{"self":[{"href":"https:\/\/portpallet.com\/ww\/wp-json\/wp\/v2\/product\/5854","targetHints":{"allow":["GET"]}}],"collection":[{"href":"https:\/\/portpallet.com\/ww\/wp-json\/wp\/v2\/product"}],"about":[{"href":"https:\/\/portpallet.com\/ww\/wp-json\/wp\/v2\/types\/product"}],"version-history":[{"count":10,"href":"https:\/\/portpallet.com\/ww\/wp-json\/wp\/v2\/product\/5854\/revisions"}],"predecessor-version":[{"id":7616,"href":"https:\/\/portpallet.com\/ww\/wp-json\/wp\/v2\/product\/5854\/revisions\/7616"}],"wp:featuredmedia":[{"embeddable":true,"href":"https:\/\/portpallet.com\/ww\/wp-json\/wp\/v2\/media\/7495"}],"wp:attachment":[{"href":"https:\/\/portpallet.com\/ww\/wp-json\/wp\/v2\/media?parent=5854"}],"wp:term":[{"taxonomy":"product_cat","embeddable":true,"href":"https:\/\/portpallet.com\/ww\/wp-json\/wp\/v2\/product_cat?post=5854"},{"taxonomy":"product_tag","embeddable":true,"href":"https:\/\/portpallet.com\/ww\/wp-json\/wp\/v2\/product_tag?post=5854"}],"curies":[{"name":"wp","href":"https:\/\/api.w.org\/{rel}","templated":true}]}}