{"id":5937,"date":"2022-07-04T20:00:49","date_gmt":"2022-07-04T20:00:49","guid":{"rendered":"https:\/\/portpallet.com\/ww\/?post_type=product&#038;p=5937"},"modified":"2022-09-20T14:24:42","modified_gmt":"2022-09-20T14:24:42","slug":"extra-cargo","status":"publish","type":"product","link":"https:\/\/portpallet.com\/ww\/product\/extra-cargo\/","title":{"rendered":"Palete Extra Cargo"},"content":{"rendered":"<table class=\"rTable\" width=\"455\">\n<thead>\n<tr>\n<th style=\"text-align: center;\">\n<h5><span style=\"color: #333333;\">Dimens\u00f5es\u00a0<\/span><\/h5>\n<\/th>\n<th style=\"text-align: center;\">\n<h5><span style=\"color: #333333;\">R\u00e9guas<\/span><\/h5>\n<\/th>\n<th style=\"text-align: center;\">\n<h5><span style=\"color: #333333;\">Entradas<\/span><\/h5>\n<\/th>\n<th style=\"text-align: center;\">\n<h5><span style=\"color: #333333;\">Peso<\/span><\/h5>\n<\/th>\n<\/tr>\n<\/thead>\n<tbody>\n<tr>\n<td>\n<h6><img decoding=\"async\" class=\"alignnone size-full wp-image-7516\" src=\"https:\/\/portpallet.com\/ww\/wp-content\/uploads\/2022\/07\/palet_extra_dim.svg\" alt=\"\" \/><\/h6>\n<\/td>\n<td>\n<h5><img decoding=\"async\" class=\"alignnone size-full wp-image-7517\" src=\"https:\/\/portpallet.com\/ww\/wp-content\/uploads\/2022\/07\/palet_extra_reg.svg\" alt=\"\" \/><\/h5>\n<\/td>\n<td>\n<h5><img decoding=\"async\" class=\"alignnone size-full wp-image-7519\" src=\"https:\/\/portpallet.com\/ww\/wp-content\/uploads\/2022\/07\/palet_extra_ent.svg\" alt=\"\" \/><\/h5>\n<\/td>\n<td style=\"text-align: center;\">\n<h5><img decoding=\"async\" class=\"aligncenter\" src=\"https:\/\/portpallet.com\/ww\/wp-content\/uploads\/2022\/07\/peso_novo.svg\" alt=\"\" \/><\/h5>\n<\/td>\n<\/tr>\n<tr>\n<td>\n<h5 style=\"text-align: center;\"><strong><span style=\"color: #333333;\">1200x800x150mm<\/span><\/strong><\/h5>\n<\/td>\n<td>\n<h5 style=\"text-align: center;\"><span style=\"color: #333333;\"><strong>5 a 7 Un.<\/strong><\/span><\/h5>\n<\/td>\n<td>\n<h5 style=\"text-align: center;\"><strong><span style=\"color: #333333;\">2 Un.<\/span><\/strong><\/h5>\n<\/td>\n<td>\n<h5 style=\"text-align: center;\"><span style=\"color: #333333;\"><strong>21,0 a 25,0 kg<\/strong><\/span><\/h5>\n<\/td>\n<\/tr>\n<\/tbody>\n<\/table>\n<table class=\"sTable\" style=\"height: 100%;\" width=\"455\">\n<thead>\n<tr>\n<th style=\"text-align: center;\">\n<h5><span style=\"color: #333333;\">Carga est\u00e1tica <\/span><\/h5>\n<\/th>\n<th style=\"text-align: center;\">\n<h5><span style=\"color: #333333;\">Carga Din\u00e2mica <\/span><\/h5>\n<\/th>\n<th style=\"text-align: center;\">\n<h5><span style=\"color: #333333;\">Carga Rack <\/span><\/h5>\n<\/th>\n<\/tr>\n<\/thead>\n<tbody>\n<tr>\n<td>\n<h4><img decoding=\"async\" class=\"alignnone size-full wp-image-7518\" src=\"https:\/\/portpallet.com\/ww\/wp-content\/uploads\/2022\/07\/palet_extra_peso.svg\" alt=\"\" \/><\/h4>\n<\/td>\n<td>\n<h4><img decoding=\"async\" class=\"aligncenter\" src=\"https:\/\/portpallet.com\/ww\/wp-content\/uploads\/2022\/07\/carga_dinamica_novo.svg\" alt=\"\" \/><\/h4>\n<\/td>\n<td style=\"text-align: center;\">\n<h4><img decoding=\"async\" class=\"aligncenter\" src=\"https:\/\/portpallet.com\/ww\/wp-content\/uploads\/2022\/07\/rack_novo.svg\" alt=\"\" \/><\/h4>\n<\/td>\n<\/tr>\n<tr>\n<td>\n<h5 style=\"text-align: center;\"><strong><span style=\"color: #333333;\">10000 a 10500 Kg<\/span><\/strong><\/h5>\n<\/td>\n<td>\n<h5 style=\"text-align: center;\"><strong><span style=\"color: #333333;\">8000 a 8500 Kg<\/span><\/strong><\/h5>\n<\/td>\n<td>\n<h5 style=\"text-align: center;\"><strong><span style=\"color: #333333;\">6000 a 6500 Kg<\/span><\/strong><\/h5>\n<\/td>\n<\/tr>\n<\/tbody>\n<\/table>\n","protected":false},"excerpt":{"rendered":"<p style=\"text-align: justify;\">Palete em a\u00e7o galvanizado, soldada. Perfil \u00f3mega, de alta capacidade de carga. Extra robusta, ideal para cargas pesadas.<br \/>\nCom revestimento que lhe confere uma elevada resist\u00eancia \u00e0 corros\u00e3o.<\/p>\n","protected":false},"featured_media":7474,"template":"","meta":{"rs_blank_template":"","rs_page_bg_color":"","slide_template_v7":""},"product_cat":[58,106],"product_tag":[],"class_list":{"0":"post-5937","1":"product","2":"type-product","3":"status-publish","4":"has-post-thumbnail","6":"product_cat-palete-aco-galvanizado","7":"product_cat-fab-paletes-metalicas","8":"product_filter_data-comp","10":"first","11":"instock","12":"virtual","13":"product-type-simple"},"_links":{"self":[{"href":"https:\/\/portpallet.com\/ww\/wp-json\/wp\/v2\/product\/5937","targetHints":{"allow":["GET"]}}],"collection":[{"href":"https:\/\/portpallet.com\/ww\/wp-json\/wp\/v2\/product"}],"about":[{"href":"https:\/\/portpallet.com\/ww\/wp-json\/wp\/v2\/types\/product"}],"version-history":[{"count":33,"href":"https:\/\/portpallet.com\/ww\/wp-json\/wp\/v2\/product\/5937\/revisions"}],"predecessor-version":[{"id":6381,"href":"https:\/\/portpallet.com\/ww\/wp-json\/wp\/v2\/product\/5937\/revisions\/6381"}],"wp:featuredmedia":[{"embeddable":true,"href":"https:\/\/portpallet.com\/ww\/wp-json\/wp\/v2\/media\/7474"}],"wp:attachment":[{"href":"https:\/\/portpallet.com\/ww\/wp-json\/wp\/v2\/media?parent=5937"}],"wp:term":[{"taxonomy":"product_cat","embeddable":true,"href":"https:\/\/portpallet.com\/ww\/wp-json\/wp\/v2\/product_cat?post=5937"},{"taxonomy":"product_tag","embeddable":true,"href":"https:\/\/portpallet.com\/ww\/wp-json\/wp\/v2\/product_tag?post=5937"}],"curies":[{"name":"wp","href":"https:\/\/api.w.org\/{rel}","templated":true}]}}