{"id":6054,"date":"2022-07-08T16:52:19","date_gmt":"2022-07-08T16:52:19","guid":{"rendered":"https:\/\/portpallet.com\/ww\/?post_type=product&#038;p=6054"},"modified":"2022-09-16T17:00:48","modified_gmt":"2022-09-16T17:00:48","slug":"palete-aco-galvanizado-universal-soldada","status":"publish","type":"product","link":"https:\/\/portpallet.com\/ww\/product\/palete-aco-galvanizado-universal-soldada\/","title":{"rendered":"Palete A\u00e7o Galvanizado Universal Soldada"},"content":{"rendered":"<table class=\"rTable\" width=\"455\">\n<thead>\n<tr>\n<th style=\"text-align: center;\">\n<h5><span style=\"color: #333333;\">Dimens\u00f5es\u00a0<\/span><\/h5>\n<\/th>\n<th style=\"text-align: center;\">\n<h5><span style=\"color: #333333;\">R\u00e9guas<\/span><\/h5>\n<\/th>\n<th style=\"text-align: center;\">\n<h5><span style=\"color: #333333;\">Entradas<\/span><\/h5>\n<\/th>\n<th style=\"text-align: center;\">\n<h5><span style=\"color: #333333;\">Peso<\/span><\/h5>\n<\/th>\n<\/tr>\n<\/thead>\n<tbody>\n<tr>\n<td>\n<h5><img decoding=\"async\" class=\"aligncenter\" src=\"https:\/\/portpallet.com\/ww\/wp-content\/uploads\/2022\/07\/palet_novo_uni.svg\" alt=\"\" width=\"85\" height=\"63\" \/><\/h5>\n<\/td>\n<td>\n<h5><img decoding=\"async\" class=\"aligncenter\" src=\"https:\/\/portpallet.com\/ww\/wp-content\/uploads\/2022\/07\/palet_novo_uni1.svg\" alt=\"\" width=\"85\" height=\"63\" \/><\/h5>\n<\/td>\n<td>\n<h5><img decoding=\"async\" class=\"aligncenter\" src=\"https:\/\/portpallet.com\/ww\/wp-content\/uploads\/2022\/07\/palet_novo_un2.svg\" alt=\"\" width=\"85\" height=\"63\" \/><\/h5>\n<\/td>\n<td>\n<h5><img loading=\"lazy\" decoding=\"async\" class=\"aligncenter\" src=\"https:\/\/portpallet.com\/ww\/wp-content\/uploads\/2022\/07\/peso_novo.svg\" alt=\"\" width=\"85\" height=\"63\" \/><\/h5>\n<\/td>\n<\/tr>\n<tr>\n<td>\n<h5 style=\"text-align: center;\"><strong><span style=\"color: #333333;\">1200x800x115 mm<\/span><\/strong><\/h5>\n<\/td>\n<td>\n<h5 style=\"text-align: center;\"><span style=\"color: #333333;\"><strong>5 a 9 Un.<\/strong><\/span><\/h5>\n<\/td>\n<td>\n<h5 style=\"text-align: center;\"><strong><span style=\"color: #333333;\">4 Un.<\/span><\/strong><\/h5>\n<\/td>\n<td>\n<h5 style=\"text-align: center;\"><span style=\"color: #333333;\"><strong>11,7 a 14.2 kg<\/strong><\/span><\/h5>\n<\/td>\n<\/tr>\n<\/tbody>\n<\/table>\n<table class=\"sTable\" style=\"height: 100%;\" width=\"455\">\n<thead>\n<tr>\n<th style=\"text-align: center;\">\n<h5><span style=\"color: #333333;\">Carga est\u00e1tica <\/span><\/h5>\n<\/th>\n<th style=\"text-align: center;\">\n<h5><span style=\"color: #333333;\">Carga Din\u00e2mica <\/span><\/h5>\n<\/th>\n<th style=\"text-align: center;\">\n<h5><span style=\"color: #333333;\">Carga Rack <\/span><\/h5>\n<\/th>\n<\/tr>\n<\/thead>\n<tbody>\n<tr>\n<td>\n<h4><a href=\"https:\/\/portpallet.com\/ww\/wp-content\/uploads\/2022\/07\/carga_max_novo_uni.svg\"><img loading=\"lazy\" decoding=\"async\" class=\"wp-image-6390 aligncenter\" src=\"https:\/\/portpallet.com\/ww\/wp-content\/uploads\/2022\/07\/carga_max_novo_uni.svg\" alt=\"\" width=\"85\" height=\"63\" \/><\/a><\/h4>\n<\/td>\n<td>\n<h4><img loading=\"lazy\" decoding=\"async\" class=\"aligncenter\" src=\"https:\/\/portpallet.com\/ww\/wp-content\/uploads\/2022\/07\/carga_dinamica_novo.svg\" alt=\"\" width=\"85\" height=\"63\" \/><\/h4>\n<\/td>\n<td style=\"text-align: center;\">\n<h4><img loading=\"lazy\" decoding=\"async\" class=\"aligncenter\" src=\"https:\/\/portpallet.com\/ww\/wp-content\/uploads\/2022\/07\/rack_novo.svg\" alt=\"\" width=\"85\" height=\"63\" \/><\/h4>\n<\/td>\n<\/tr>\n<tr>\n<td>\n<h5 style=\"text-align: center;\"><strong><span style=\"color: #333333;\">1550 a 1750 Kg<\/span><\/strong><\/h5>\n<\/td>\n<td>\n<h5 style=\"text-align: center;\"><strong><span style=\"color: #333333;\">\u00a0 \u00a0 \u00a01000 a 1250 Kg<\/span><\/strong><\/h5>\n<\/td>\n<td>\n<h5 style=\"text-align: center;\"><strong><span style=\"color: #333333;\">650 a 850 Kg<\/span><\/strong><\/h5>\n<\/td>\n<\/tr>\n<\/tbody>\n<\/table>\n<p>&nbsp;<\/p>\n","protected":false},"excerpt":{"rendered":"<p style=\"text-align: justify;\">Palete em a\u00e7o galvanizado. Leve, robusta e duradoura. Potencial de redu\u00e7\u00e3o de emiss\u00f5es de CO2 e de melhoria da pegada ecol\u00f3gica. Ideal para todos os tipos de atividades.<\/p>\n","protected":false},"featured_media":7473,"template":"","meta":{"rs_blank_template":"","rs_page_bg_color":"","slide_template_v7":""},"product_cat":[58,106],"product_tag":[],"class_list":{"0":"post-6054","1":"product","2":"type-product","3":"status-publish","4":"has-post-thumbnail","6":"product_cat-palete-aco-galvanizado","7":"product_cat-fab-paletes-metalicas","9":"first","10":"instock","11":"shipping-taxable","12":"product-type-simple"},"_links":{"self":[{"href":"https:\/\/portpallet.com\/ww\/wp-json\/wp\/v2\/product\/6054","targetHints":{"allow":["GET"]}}],"collection":[{"href":"https:\/\/portpallet.com\/ww\/wp-json\/wp\/v2\/product"}],"about":[{"href":"https:\/\/portpallet.com\/ww\/wp-json\/wp\/v2\/types\/product"}],"version-history":[{"count":10,"href":"https:\/\/portpallet.com\/ww\/wp-json\/wp\/v2\/product\/6054\/revisions"}],"predecessor-version":[{"id":7489,"href":"https:\/\/portpallet.com\/ww\/wp-json\/wp\/v2\/product\/6054\/revisions\/7489"}],"wp:featuredmedia":[{"embeddable":true,"href":"https:\/\/portpallet.com\/ww\/wp-json\/wp\/v2\/media\/7473"}],"wp:attachment":[{"href":"https:\/\/portpallet.com\/ww\/wp-json\/wp\/v2\/media?parent=6054"}],"wp:term":[{"taxonomy":"product_cat","embeddable":true,"href":"https:\/\/portpallet.com\/ww\/wp-json\/wp\/v2\/product_cat?post=6054"},{"taxonomy":"product_tag","embeddable":true,"href":"https:\/\/portpallet.com\/ww\/wp-json\/wp\/v2\/product_tag?post=6054"}],"curies":[{"name":"wp","href":"https:\/\/api.w.org\/{rel}","templated":true}]}}