{"id":7302,"date":"2022-08-10T16:23:44","date_gmt":"2022-08-10T16:23:44","guid":{"rendered":"https:\/\/portpallet.com\/ww\/?post_type=product&#038;p=7302"},"modified":"2022-08-10T17:00:13","modified_gmt":"2022-08-10T17:00:13","slug":"palete-empilhavel-extensivel","status":"publish","type":"product","link":"https:\/\/portpallet.com\/ww\/product\/palete-empilhavel-extensivel\/","title":{"rendered":"Palete empilh\u00e1vel e extens\u00edvel"},"content":{"rendered":"<p style=\"text-align: left;\"><strong> Configur\u00e1vel de acordo com as necessidades do cliente.<\/strong><\/p>\n","protected":false},"excerpt":{"rendered":"<p style=\"text-align: justify;\">Palete empilh\u00e1vel e extens\u00edvel. Configurada \u00e0 medida da sua necessidade s\u00e3o ideais para acomodar armazenar e transportar materiais t\u00eaxteis (rolos de malha, tecido, tecido n\u00e3o tecido, etc). Resistentes e de f\u00e1cil manuten\u00e7\u00e3o.<\/p>\n","protected":false},"featured_media":7303,"template":"","meta":{"rs_blank_template":"","rs_page_bg_color":"","slide_template_v7":""},"product_cat":[129,135],"product_tag":[],"class_list":{"0":"post-7302","1":"product","2":"type-product","3":"status-publish","4":"has-post-thumbnail","6":"product_cat-outros-produtos","7":"product_cat-produtos-diversos","9":"first","10":"instock","11":"virtual","12":"product-type-simple"},"_links":{"self":[{"href":"https:\/\/portpallet.com\/ww\/wp-json\/wp\/v2\/product\/7302","targetHints":{"allow":["GET"]}}],"collection":[{"href":"https:\/\/portpallet.com\/ww\/wp-json\/wp\/v2\/product"}],"about":[{"href":"https:\/\/portpallet.com\/ww\/wp-json\/wp\/v2\/types\/product"}],"version-history":[{"count":3,"href":"https:\/\/portpallet.com\/ww\/wp-json\/wp\/v2\/product\/7302\/revisions"}],"predecessor-version":[{"id":7310,"href":"https:\/\/portpallet.com\/ww\/wp-json\/wp\/v2\/product\/7302\/revisions\/7310"}],"wp:featuredmedia":[{"embeddable":true,"href":"https:\/\/portpallet.com\/ww\/wp-json\/wp\/v2\/media\/7303"}],"wp:attachment":[{"href":"https:\/\/portpallet.com\/ww\/wp-json\/wp\/v2\/media?parent=7302"}],"wp:term":[{"taxonomy":"product_cat","embeddable":true,"href":"https:\/\/portpallet.com\/ww\/wp-json\/wp\/v2\/product_cat?post=7302"},{"taxonomy":"product_tag","embeddable":true,"href":"https:\/\/portpallet.com\/ww\/wp-json\/wp\/v2\/product_tag?post=7302"}],"curies":[{"name":"wp","href":"https:\/\/api.w.org\/{rel}","templated":true}]}}