{"id":7621,"date":"2023-09-18T14:05:48","date_gmt":"2023-09-18T14:05:48","guid":{"rendered":"https:\/\/portpallet.com\/ww\/?post_type=product&#038;p=7621"},"modified":"2023-11-22T15:33:08","modified_gmt":"2023-11-22T15:33:08","slug":"colar-para-paletes","status":"publish","type":"product","link":"https:\/\/portpallet.com\/ww\/product\/colar-para-paletes\/","title":{"rendered":"Colar para paletes"},"content":{"rendered":"<h3><strong>Medidas: 1200x800x200 mm<\/strong><\/h3>\n<p style=\"text-align: left;\"><strong>Configur\u00e1vel de acordo com as necessidades do cliente.<\/strong><\/p>\n","protected":false},"excerpt":{"rendered":"<p>Colar em a\u00e7o zincado, colocado no topo da palete. Transforme a sua palete numa caixa de acondicionamento dos seus produtos e mercadorias. Defina a altura pretendida, sobrepondo colares. Dobr\u00e1vel e ajust\u00e1vel \u00e0s medidas da sua palete, confere extraordin\u00e1ria flexibilidade e permite a economia de espa\u00e7o e facilidade de transporte.<\/p>\n","protected":false},"featured_media":7639,"template":"","meta":{"rs_blank_template":"","rs_page_bg_color":"","slide_template_v7":""},"product_cat":[153,106],"product_tag":[],"class_list":{"0":"post-7621","1":"product","2":"type-product","3":"status-publish","4":"has-post-thumbnail","6":"product_cat-colar-para-paletes","7":"product_cat-fab-paletes-metalicas","9":"first","10":"instock","11":"virtual","12":"product-type-simple"},"_links":{"self":[{"href":"https:\/\/portpallet.com\/ww\/wp-json\/wp\/v2\/product\/7621","targetHints":{"allow":["GET"]}}],"collection":[{"href":"https:\/\/portpallet.com\/ww\/wp-json\/wp\/v2\/product"}],"about":[{"href":"https:\/\/portpallet.com\/ww\/wp-json\/wp\/v2\/types\/product"}],"version-history":[{"count":4,"href":"https:\/\/portpallet.com\/ww\/wp-json\/wp\/v2\/product\/7621\/revisions"}],"predecessor-version":[{"id":7646,"href":"https:\/\/portpallet.com\/ww\/wp-json\/wp\/v2\/product\/7621\/revisions\/7646"}],"wp:featuredmedia":[{"embeddable":true,"href":"https:\/\/portpallet.com\/ww\/wp-json\/wp\/v2\/media\/7639"}],"wp:attachment":[{"href":"https:\/\/portpallet.com\/ww\/wp-json\/wp\/v2\/media?parent=7621"}],"wp:term":[{"taxonomy":"product_cat","embeddable":true,"href":"https:\/\/portpallet.com\/ww\/wp-json\/wp\/v2\/product_cat?post=7621"},{"taxonomy":"product_tag","embeddable":true,"href":"https:\/\/portpallet.com\/ww\/wp-json\/wp\/v2\/product_tag?post=7621"}],"curies":[{"name":"wp","href":"https:\/\/api.w.org\/{rel}","templated":true}]}}